{"id":6,"date":"2026-01-19T09:50:02","date_gmt":"2026-01-19T09:50:02","guid":{"rendered":"https:\/\/mravinjak.hr\/?page_id=6"},"modified":"2026-01-20T09:20:04","modified_gmt":"2026-01-20T09:20:04","slug":"pocetna","status":"publish","type":"page","link":"https:\/\/mravinjak.hr\/","title":{"rendered":"Po\u010detna"},"content":{"rendered":"\n<p class=\"has-vivid-cyan-blue-color has-white-background-color has-text-color has-background has-link-color wp-elements-1097eb5ec1fe25c4f1b1c7b3766f122f\"><strong>Mravinjak 2019 j.d.o.o.  Gra\u0111evinsko poduze\u0107e. Karlovac. Vatroslava \u017dupan\u010di\u0107a 1. Tel: 0917636852<\/strong><\/p>\n\n\n\n<figure class=\"wp-block-image size-large\"><img loading=\"lazy\" decoding=\"async\" width=\"768\" height=\"1024\" src=\"https:\/\/mravinjak.hr\/wp-content\/uploads\/2026\/01\/1768898327069-768x1024.jpg\" alt=\"\" class=\"wp-image-35\" srcset=\"https:\/\/mravinjak.hr\/wp-content\/uploads\/2026\/01\/1768898327069-768x1024.jpg 768w, https:\/\/mravinjak.hr\/wp-content\/uploads\/2026\/01\/1768898327069-225x300.jpg 225w, https:\/\/mravinjak.hr\/wp-content\/uploads\/2026\/01\/1768898327069-1152x1536.jpg 1152w, https:\/\/mravinjak.hr\/wp-content\/uploads\/2026\/01\/1768898327069.jpg 1500w\" sizes=\"auto, (max-width: 768px) 100vw, 768px\" \/><\/figure>\n\n\n\n<figure class=\"wp-block-gallery has-nested-images columns-default is-cropped wp-block-gallery-1 is-layout-flex wp-block-gallery-is-layout-flex\">\n<figure class=\"wp-block-image size-large\"><img loading=\"lazy\" decoding=\"async\" width=\"1024\" height=\"768\" data-id=\"43\" src=\"https:\/\/mravinjak.hr\/wp-content\/uploads\/2026\/01\/1768818301701-1024x768.jpg\" alt=\"\" class=\"wp-image-43\" srcset=\"https:\/\/mravinjak.hr\/wp-content\/uploads\/2026\/01\/1768818301701-1024x768.jpg 1024w, https:\/\/mravinjak.hr\/wp-content\/uploads\/2026\/01\/1768818301701-300x225.jpg 300w, https:\/\/mravinjak.hr\/wp-content\/uploads\/2026\/01\/1768818301701-768x576.jpg 768w, https:\/\/mravinjak.hr\/wp-content\/uploads\/2026\/01\/1768818301701-1536x1152.jpg 1536w, https:\/\/mravinjak.hr\/wp-content\/uploads\/2026\/01\/1768818301701.jpg 2048w\" sizes=\"auto, (max-width: 1024px) 100vw, 1024px\" \/><\/figure>\n<\/figure>\n","protected":false},"excerpt":{"rendered":"<p>Mravinjak 2019 j.d.o.o. Gra\u0111evinsko poduze\u0107e. Karlovac. Vatroslava \u017dupan\u010di\u0107a 1. Tel: 0917636852<\/p>\n","protected":false},"author":1,"featured_media":0,"parent":0,"menu_order":0,"comment_status":"closed","ping_status":"closed","template":"","meta":{"footnotes":""},"class_list":["post-6","page","type-page","status-publish","hentry"],"_links":{"self":[{"href":"https:\/\/mravinjak.hr\/index.php\/wp-json\/wp\/v2\/pages\/6","targetHints":{"allow":["GET"]}}],"collection":[{"href":"https:\/\/mravinjak.hr\/index.php\/wp-json\/wp\/v2\/pages"}],"about":[{"href":"https:\/\/mravinjak.hr\/index.php\/wp-json\/wp\/v2\/types\/page"}],"author":[{"embeddable":true,"href":"https:\/\/mravinjak.hr\/index.php\/wp-json\/wp\/v2\/users\/1"}],"replies":[{"embeddable":true,"href":"https:\/\/mravinjak.hr\/index.php\/wp-json\/wp\/v2\/comments?post=6"}],"version-history":[{"count":6,"href":"https:\/\/mravinjak.hr\/index.php\/wp-json\/wp\/v2\/pages\/6\/revisions"}],"predecessor-version":[{"id":45,"href":"https:\/\/mravinjak.hr\/index.php\/wp-json\/wp\/v2\/pages\/6\/revisions\/45"}],"wp:attachment":[{"href":"https:\/\/mravinjak.hr\/index.php\/wp-json\/wp\/v2\/media?parent=6"}],"curies":[{"name":"wp","href":"https:\/\/api.w.org\/{rel}","templated":true}]}}